{"id":15944,"date":"2025-07-14T15:52:24","date_gmt":"2025-07-14T13:52:24","guid":{"rendered":"https:\/\/kinbrique.com\/?page_id=15944"},"modified":"2025-09-06T16:09:35","modified_gmt":"2025-09-06T14:09:35","slug":"devenez-vendeur","status":"publish","type":"page","link":"https:\/\/kinbrique.com\/index.php\/devenez-vendeur\/","title":{"rendered":"Devenez vendeur"},"content":{"rendered":"\t\t<div data-elementor-type=\"wp-page\" data-elementor-id=\"15944\" class=\"elementor elementor-15944\">\n\t\t\t\t<div class=\"elementor-element elementor-element-2b70a94 e-flex e-con-boxed wd-section-disabled wpr-particle-no wpr-jarallax-no wpr-parallax-no wpr-sticky-section-no wpr-equal-height-no e-con e-parent\" data-id=\"2b70a94\" data-element_type=\"container\" data-e-type=\"container\">\n\t\t\t\t\t<div class=\"e-con-inner\">\n\t\t\t\t<div class=\"elementor-element elementor-element-d0d0243 elementor-widget elementor-widget-heading\" data-id=\"d0d0243\" data-element_type=\"widget\" data-e-type=\"widget\" data-widget_type=\"heading.default\">\n\t\t\t\t<div class=\"elementor-widget-container\">\n\t\t\t\t\t<h1 class=\"elementor-heading-title elementor-size-default\">Devenez vendeur<\/h1>\t\t\t\t<\/div>\n\t\t\t\t<\/div>\n\t\t\t\t<div class=\"elementor-element elementor-element-59c2441 elementor-widget elementor-widget-shortcode\" data-id=\"59c2441\" data-element_type=\"widget\" data-e-type=\"widget\" data-widget_type=\"shortcode.default\">\n\t\t\t\t<div class=\"elementor-widget-container\">\n\t\t\t\t\t\t\t<div class=\"elementor-shortcode\"><div class='fluentform ff-default fluentform_wrapper_3 ffs_default_wrap'><form data-form_id=\"3\" id=\"fluentform_3\" class=\"frm-fluent-form fluent_form_3 ff-el-form-top ff_form_instance_3_1 ff-form-loading ffs_default\" data-form_instance=\"ff_form_instance_3_1\" method=\"POST\" ><fieldset  style=\"border: none!important;margin: 0!important;padding: 0!important;background-color: transparent!important;box-shadow: none!important;outline: none!important; min-inline-size: 100%;\">\n                    <legend class=\"ff_screen_reader_title\" style=\"display: block; margin: 0!important;padding: 0!important;height: 0!important;text-indent: -999999px;width: 0!important;overflow:hidden;\">Blank Form (#3)<\/legend><input type='hidden' name='__fluent_form_embded_post_id' value='15944' \/><input type=\"hidden\" id=\"_fluentform_3_fluentformnonce\" name=\"_fluentform_3_fluentformnonce\" value=\"afef516634\" \/><input type=\"hidden\" name=\"_wp_http_referer\" value=\"\/index.php\/wp-json\/wp\/v2\/pages\/15944\" \/><div class='ff-el-group  ff-custom_html' tabindex='-1' data-name=\"custom_html-3_1\" ><p style=\"text-align: center\"><strong>Ce formulaire est r\u00e9serv\u00e9 aux personnes disposant d'une boutique physique et exer\u00e7ant une activit\u00e9 professionnelle.<\/strong><\/p><\/div><div data-name=\"ff_cn_id_1\"  class='ff-t-container ff-column-container ff_columns_total_2 '><div class='ff-t-cell ff-t-column-1' style='flex-basis: 50%;'><div data-type=\"name-element\" data-name=\"names\" class=\" ff-field_container ff-name-field-wrapper\" ><div class='ff-t-container'><div class='ff-t-cell '><div class='ff-el-group ff-el-form-top'><div class='ff-el-input--content'><input type=\"text\" name=\"names[first_name]\" id=\"ff_3_names_first_name_\" class=\"ff-el-form-control\" placeholder=\"Votre nom complet\" aria-invalid=\"false\" aria-required=true><\/div><\/div><\/div><\/div><\/div><\/div><div class='ff-t-cell ff-t-column-2' style='flex-basis: 50%;'><div class='ff-el-group'><div class='ff-el-input--content'><input type=\"email\" name=\"email\" id=\"ff_3_email\" class=\"ff-el-form-control\" placeholder=\"Votre adresse e-mail\" data-name=\"email\"  aria-invalid=\"false\" aria-required=true><\/div><\/div><\/div><\/div><div data-name=\"ff_cn_id_2\"  class='ff-t-container ff-column-container ff_columns_total_2 '><div class='ff-t-cell ff-t-column-1' style='flex-basis: 50%;'><div data-type=\"name-element\" data-name=\"names_1\" class=\" ff-field_container ff-name-field-wrapper\" ><div class='ff-t-container'><div class='ff-t-cell '><div class='ff-el-group ff-el-form-top'><div class='ff-el-input--content'><input type=\"text\" name=\"names_1[first_name]\" id=\"ff_3_names_1_first_name_\" class=\"ff-el-form-control\" placeholder=\"Nom de votre boutique\" aria-invalid=\"false\" aria-required=true><\/div><\/div><\/div><\/div><\/div><\/div><div class='ff-t-cell ff-t-column-2' style='flex-basis: 50%;'><div class='ff-el-group'><div class='ff-el-input--content'><input type=\"text\" name=\"input_text_1\" class=\"ff-el-form-control\" placeholder=\"Adresse de votre boutique\" data-name=\"input_text_1\" id=\"ff_3_input_text_1\"  aria-invalid=\"false\" aria-required=true><\/div><\/div><\/div><\/div><div class='ff-el-group'><div class=\"ff-el-input--label ff-el-is-required asterisk-right\"><label for='ff_3_image-upload_1' id='label_ff_3_image-upload_1' aria-label=\"Images du produit\">Images du produit<\/label><\/div><div class='ff-el-input--content'><label for='ff_3_image-upload_1' class='ff_file_upload_holder'><span class='ff_upload_btn ff-btn' tabindex='0'>choisissez les 3 images de votre produit<\/span> <input type=\"file\" name=\"image-upload\" id=\"ff_3_image-upload_1\" class=\"ff-el-form-control  ff-screen-reader-element\" accept=\"image\/*\" data-name=\"image-upload\" multiple=\"1\"  aria-invalid='false' aria-required=true><\/label><\/div><\/div><div class='ff-el-group'><div class='ff-el-input--content'><input type=\"text\" name=\"input_text\" class=\"ff-el-form-control\" placeholder=\"Votre num\u00e9ro whatsapp\" data-name=\"input_text\" id=\"ff_3_input_text\"  aria-invalid=\"false\" aria-required=true><\/div><\/div><div class='ff-el-group'><div class='ff-el-input--content'><textarea aria-required=\"true\" aria-labelledby=\"label_ff_3_description\" name=\"description\" id=\"ff_3_description\" class=\"ff-el-form-control\" placeholder=\"Expliquez nous ce que vous souhaitez vendre, la quantit\u00e9, dans quelle ville \u00eates-vous\u2026\" rows=\"3\" cols=\"2\" data-name=\"description\" ><\/textarea><\/div><\/div><div class='ff-el-group ff-text-left ff_submit_btn_wrapper'><button type=\"submit\" class=\"ff-btn ff-btn-submit ff-btn-lg ff_btn_style\"  aria-label=\"Envoyez\">Envoyez<\/button><\/div><\/fieldset><\/form><div id='fluentform_3_errors' class='ff-errors-in-stack ff_form_instance_3_1 ff-form-loading_errors ff_form_instance_3_1_errors'><\/div><\/div>            <script type=\"text\/javascript\">\n                window.fluent_form_ff_form_instance_3_1 = {\"id\":\"3\",\"ajaxUrl\":\"https:\\\/\\\/kinbrique.com\\\/wp-admin\\\/admin-ajax.php\",\"settings\":{\"layout\":{\"labelPlacement\":\"top\",\"asteriskPlacement\":\"asterisk-right\",\"helpMessagePlacement\":\"with_label\",\"errorMessagePlacement\":\"inline\",\"cssClassName\":\"\"},\"restrictions\":{\"denyEmptySubmission\":{\"enabled\":false}}},\"form_instance\":\"ff_form_instance_3_1\",\"form_id_selector\":\"fluentform_3\",\"rules\":{\"names[first_name]\":{\"required\":{\"value\":true,\"message\":\"Ce champ est obligatoire\",\"global_message\":\"This field is required\",\"global\":true}},\"names[middle_name]\":{\"required\":{\"value\":false,\"message\":\"Ce champ est obligatoire\",\"global_message\":\"This field is required\",\"global\":true}},\"names[last_name]\":{\"required\":{\"value\":false,\"message\":\"Ce champ est obligatoire\",\"global_message\":\"This field is required\",\"global\":true}},\"email\":{\"required\":{\"value\":true,\"message\":\"Ce champ est obligatoire\",\"global_message\":\"This field is required\",\"global\":true},\"email\":{\"value\":true,\"message\":\"Ce champ doit contenir un e-mail valide\",\"global_message\":\"This field must contain a valid email\",\"global\":true}},\"names_1[first_name]\":{\"required\":{\"value\":true,\"message\":\"Ce champ est obligatoire\",\"global_message\":\"This field is required\",\"global\":true}},\"names_1[middle_name]\":{\"required\":{\"value\":false,\"message\":\"Ce champ est obligatoire\",\"global_message\":\"This field is required\",\"global\":true}},\"names_1[last_name]\":{\"required\":{\"value\":false,\"message\":\"Ce champ est obligatoire\",\"global_message\":\"This field is required\",\"global\":true}},\"input_text_1\":{\"required\":{\"value\":true,\"message\":\"Ce champ est obligatoire\",\"global_message\":\"This field is required\",\"global\":true}},\"image-upload\":{\"required\":{\"value\":true,\"message\":\"Ce champ est obligatoire\",\"global_message\":\"This field is required\",\"global\":true},\"max_file_size\":{\"value\":3145728,\"_valueFrom\":\"MB\",\"message\":\"\\u00c9chec de la validation de la taille maximale de fichier\",\"global_message\":\"Validation fails for maximum file size\",\"global\":true},\"max_file_count\":{\"value\":\"3\",\"message\":\"\\u00c9chec de la validation du nombre maximal de fichiers\",\"global_message\":\"Validation fails for maximum file count\",\"global\":true},\"allowed_image_types\":{\"value\":[],\"message\":\"Les types d\\u2019images autoris\\u00e9s ne correspondent pas\",\"global_message\":\"Allowed image types does not match\",\"global\":true}},\"input_text\":{\"required\":{\"value\":true,\"message\":\"Ce champ est obligatoire\",\"global_message\":\"This field is required\",\"global\":true}},\"description\":{\"required\":{\"value\":true,\"message\":\"Ce champ est obligatoire\",\"global_message\":\"This field is required\",\"global\":true}}},\"debounce_time\":300};\n                            <\/script>\n            <\/div>\n\t\t\t\t\t\t<\/div>\n\t\t\t\t<\/div>\n\t\t\t\t\t<\/div>\n\t\t\t\t<\/div>\n\t\t\t\t<\/div>\n\t\t","protected":false},"excerpt":{"rendered":"<p>Devenez vendeur<\/p>\n","protected":false},"author":2,"featured_media":0,"parent":0,"menu_order":0,"comment_status":"closed","ping_status":"closed","template":"","meta":{"footnotes":""},"class_list":["post-15944","page","type-page","status-publish","hentry"],"yoast_head":"<!-- This site is optimized with the Yoast SEO plugin v27.5 - https:\/\/yoast.com\/product\/yoast-seo-wordpress\/ -->\n<title>Devenez vendeur - kin brique : Achetez vos briques et vos mat\u00e9riaux de construction moins cher en RDC<\/title>\n<meta name=\"robots\" content=\"index, follow, max-snippet:-1, max-image-preview:large, max-video-preview:-1\" \/>\n<link rel=\"canonical\" href=\"https:\/\/kinbrique.com\/index.php\/devenez-vendeur\/\" \/>\n<meta property=\"og:locale\" content=\"fr_FR\" \/>\n<meta property=\"og:type\" content=\"article\" \/>\n<meta property=\"og:title\" content=\"Devenez vendeur - kin brique : Achetez vos briques et vos mat\u00e9riaux de construction moins cher en RDC\" \/>\n<meta property=\"og:description\" content=\"Devenez vendeur\" \/>\n<meta property=\"og:url\" content=\"https:\/\/kinbrique.com\/index.php\/devenez-vendeur\/\" \/>\n<meta property=\"og:site_name\" content=\"kin brique : Achetez vos briques et vos mat\u00e9riaux de construction moins cher en RDC\" \/>\n<meta property=\"article:modified_time\" content=\"2025-09-06T14:09:35+00:00\" \/>\n<meta name=\"twitter:card\" content=\"summary_large_image\" \/>\n<meta name=\"twitter:label1\" content=\"Dur\u00e9e de lecture estim\u00e9e\" \/>\n\t<meta name=\"twitter:data1\" content=\"1 minute\" \/>\n<script type=\"application\/ld+json\" class=\"yoast-schema-graph\">{\"@context\":\"https:\\\/\\\/schema.org\",\"@graph\":[{\"@type\":\"WebPage\",\"@id\":\"https:\\\/\\\/kinbrique.com\\\/index.php\\\/devenez-vendeur\\\/\",\"url\":\"https:\\\/\\\/kinbrique.com\\\/index.php\\\/devenez-vendeur\\\/\",\"name\":\"Devenez vendeur - kin brique : Achetez vos briques et vos mat\u00e9riaux de construction moins cher en RDC\",\"isPartOf\":{\"@id\":\"https:\\\/\\\/kinbrique.com\\\/#website\"},\"datePublished\":\"2025-07-14T13:52:24+00:00\",\"dateModified\":\"2025-09-06T14:09:35+00:00\",\"breadcrumb\":{\"@id\":\"https:\\\/\\\/kinbrique.com\\\/index.php\\\/devenez-vendeur\\\/#breadcrumb\"},\"inLanguage\":\"fr-FR\",\"potentialAction\":[{\"@type\":\"ReadAction\",\"target\":[\"https:\\\/\\\/kinbrique.com\\\/index.php\\\/devenez-vendeur\\\/\"]}]},{\"@type\":\"BreadcrumbList\",\"@id\":\"https:\\\/\\\/kinbrique.com\\\/index.php\\\/devenez-vendeur\\\/#breadcrumb\",\"itemListElement\":[{\"@type\":\"ListItem\",\"position\":1,\"name\":\"Accueil\",\"item\":\"https:\\\/\\\/kinbrique.com\\\/\"},{\"@type\":\"ListItem\",\"position\":2,\"name\":\"Devenez vendeur\"}]},{\"@type\":\"WebSite\",\"@id\":\"https:\\\/\\\/kinbrique.com\\\/#website\",\"url\":\"https:\\\/\\\/kinbrique.com\\\/\",\"name\":\"kin brique : Achetez vos briques et vos mat\u00e9riaux de construction moins cher en RDC\",\"description\":\"Achetez vos briques et vos mat\u00e9riaux de construction moins cher en RDC\",\"potentialAction\":[{\"@type\":\"SearchAction\",\"target\":{\"@type\":\"EntryPoint\",\"urlTemplate\":\"https:\\\/\\\/kinbrique.com\\\/?s={search_term_string}\"},\"query-input\":{\"@type\":\"PropertyValueSpecification\",\"valueRequired\":true,\"valueName\":\"search_term_string\"}}],\"inLanguage\":\"fr-FR\"}]}<\/script>\n<!-- \/ Yoast SEO plugin. -->","yoast_head_json":{"title":"Devenez vendeur - kin brique : Achetez vos briques et vos mat\u00e9riaux de construction moins cher en RDC","robots":{"index":"index","follow":"follow","max-snippet":"max-snippet:-1","max-image-preview":"max-image-preview:large","max-video-preview":"max-video-preview:-1"},"canonical":"https:\/\/kinbrique.com\/index.php\/devenez-vendeur\/","og_locale":"fr_FR","og_type":"article","og_title":"Devenez vendeur - kin brique : Achetez vos briques et vos mat\u00e9riaux de construction moins cher en RDC","og_description":"Devenez vendeur","og_url":"https:\/\/kinbrique.com\/index.php\/devenez-vendeur\/","og_site_name":"kin brique : Achetez vos briques et vos mat\u00e9riaux de construction moins cher en RDC","article_modified_time":"2025-09-06T14:09:35+00:00","twitter_card":"summary_large_image","twitter_misc":{"Dur\u00e9e de lecture estim\u00e9e":"1 minute"},"schema":{"@context":"https:\/\/schema.org","@graph":[{"@type":"WebPage","@id":"https:\/\/kinbrique.com\/index.php\/devenez-vendeur\/","url":"https:\/\/kinbrique.com\/index.php\/devenez-vendeur\/","name":"Devenez vendeur - kin brique : Achetez vos briques et vos mat\u00e9riaux de construction moins cher en RDC","isPartOf":{"@id":"https:\/\/kinbrique.com\/#website"},"datePublished":"2025-07-14T13:52:24+00:00","dateModified":"2025-09-06T14:09:35+00:00","breadcrumb":{"@id":"https:\/\/kinbrique.com\/index.php\/devenez-vendeur\/#breadcrumb"},"inLanguage":"fr-FR","potentialAction":[{"@type":"ReadAction","target":["https:\/\/kinbrique.com\/index.php\/devenez-vendeur\/"]}]},{"@type":"BreadcrumbList","@id":"https:\/\/kinbrique.com\/index.php\/devenez-vendeur\/#breadcrumb","itemListElement":[{"@type":"ListItem","position":1,"name":"Accueil","item":"https:\/\/kinbrique.com\/"},{"@type":"ListItem","position":2,"name":"Devenez vendeur"}]},{"@type":"WebSite","@id":"https:\/\/kinbrique.com\/#website","url":"https:\/\/kinbrique.com\/","name":"kin brique : Achetez vos briques et vos mat\u00e9riaux de construction moins cher en RDC","description":"Achetez vos briques et vos mat\u00e9riaux de construction moins cher en RDC","potentialAction":[{"@type":"SearchAction","target":{"@type":"EntryPoint","urlTemplate":"https:\/\/kinbrique.com\/?s={search_term_string}"},"query-input":{"@type":"PropertyValueSpecification","valueRequired":true,"valueName":"search_term_string"}}],"inLanguage":"fr-FR"}]}},"_links":{"self":[{"href":"https:\/\/kinbrique.com\/index.php\/wp-json\/wp\/v2\/pages\/15944","targetHints":{"allow":["GET"]}}],"collection":[{"href":"https:\/\/kinbrique.com\/index.php\/wp-json\/wp\/v2\/pages"}],"about":[{"href":"https:\/\/kinbrique.com\/index.php\/wp-json\/wp\/v2\/types\/page"}],"author":[{"embeddable":true,"href":"https:\/\/kinbrique.com\/index.php\/wp-json\/wp\/v2\/users\/2"}],"replies":[{"embeddable":true,"href":"https:\/\/kinbrique.com\/index.php\/wp-json\/wp\/v2\/comments?post=15944"}],"version-history":[{"count":13,"href":"https:\/\/kinbrique.com\/index.php\/wp-json\/wp\/v2\/pages\/15944\/revisions"}],"predecessor-version":[{"id":15970,"href":"https:\/\/kinbrique.com\/index.php\/wp-json\/wp\/v2\/pages\/15944\/revisions\/15970"}],"wp:attachment":[{"href":"https:\/\/kinbrique.com\/index.php\/wp-json\/wp\/v2\/media?parent=15944"}],"curies":[{"name":"wp","href":"https:\/\/api.w.org\/{rel}","templated":true}]}}