{"id":16001,"date":"2025-10-22T08:37:39","date_gmt":"2025-10-22T06:37:39","guid":{"rendered":"https:\/\/kinbrique.com\/?post_type=product&#038;p=16001"},"modified":"2025-10-24T15:31:47","modified_gmt":"2025-10-24T13:31:47","slug":"scie-circulaire-1600w","status":"publish","type":"product","link":"https:\/\/kinbrique.com\/index.php\/product\/scie-circulaire-1600w\/","title":{"rendered":"Scie circulaire TOTAL 1600 W"},"content":{"rendered":"<h3 data-start=\"165\" data-end=\"223\"><strong data-start=\"172\" data-end=\"223\">Les avantages de la scie circulaire\u00a0 1600W<\/strong><\/h3>\n<p data-start=\"225\" data-end=\"530\">La scie circulaire TOTAL\u00a0 1600W est un outil puissant et pr\u00e9cis, con\u00e7u pour r\u00e9pondre aux besoins des artisans, menuisiers et bricoleurs exigeants. Gr\u00e2ce \u00e0 son moteur de 1600 watts, elle assure une vitesse de coupe \u00e9lev\u00e9e et une performance constante, m\u00eame sur les mat\u00e9riaux les plus durs. Son design ergonomique et sa lame de 185 mm permettent des coupes nettes et pr\u00e9cises, tandis que la profondeur de coupe r\u00e9glable (jusqu\u2019\u00e0 65 mm \u00e0 90\u00b0 et 44 mm \u00e0 45\u00b0) offre une grande polyvalence pour diff\u00e9rents types de travaux. Compacte et bien \u00e9quilibr\u00e9e, elle est facile \u00e0 manipuler, ce qui r\u00e9duit la fatigue pendant une utilisation prolong\u00e9e. De plus, son carter de protection robuste et sa poign\u00e9e antid\u00e9rapante garantissent un travail s\u00fbr et confortable. La scie circulaire TOTAL 1600W se distingue \u00e9galement par sa durabilit\u00e9 et sa fiabilit\u00e9, faisant d\u2019elle un choix id\u00e9al pour les chantiers, les ateliers de menuiserie ou les travaux de r\u00e9novation.<\/p>\n<h3 data-start=\"1235\" data-end=\"1304\"><strong data-start=\"1242\" data-end=\"1304\">Comment choisir la bonne scie circulaire pour votre projet<\/strong><\/h3>\n<p data-start=\"1306\" data-end=\"1433\">Le choix d\u2019une scie circulaire d\u00e9pend avant tout du type de mat\u00e9riau \u00e0 d\u00e9couper et de la profondeur de coupe requise.<\/p>\n<ul data-start=\"1434\" data-end=\"1853\">\n<li data-start=\"1434\" data-end=\"1592\">\n<p data-start=\"1436\" data-end=\"1592\">Pour des travaux domestiques ou de bricolage, un mod\u00e8le de 1600W comme celui de TOTAL offre un excellent \u00e9quilibre entre puissance et maniabilit\u00e9.<\/p>\n<\/li>\n<li data-start=\"1593\" data-end=\"1853\">\n<p data-start=\"1595\" data-end=\"1853\">Si vous pr\u00e9voyez de travailler sur du bois dur, du contreplaqu\u00e9 \u00e9pais ou des projets professionnels intensifs, vous pouvez envisager un mod\u00e8le plus puissant ou avec des fonctionnalit\u00e9s avanc\u00e9es (comme un guide laser ou un syst\u00e8me d\u2019aspiration int\u00e9gr\u00e9).<\/p>\n<\/li>\n<\/ul>\n<p data-start=\"1855\" data-end=\"1893\">Assurez-vous \u00e9galement de v\u00e9rifier :<\/p>\n<ul data-start=\"1894\" data-end=\"2210\">\n<li data-start=\"1894\" data-end=\"1987\">\n<p data-start=\"1896\" data-end=\"1987\">Le diam\u00e8tre de la lame et sa compatibilit\u00e9 avec les lames disponibles sur le march\u00e9 ;<\/p>\n<\/li>\n<li data-start=\"1988\" data-end=\"2090\">\n<p data-start=\"1990\" data-end=\"2090\">La possibilit\u00e9 de r\u00e9glage de l\u2019angle et de la profondeur pour des coupes biseaut\u00e9es pr\u00e9cises ;<\/p>\n<\/li>\n<li data-start=\"2091\" data-end=\"2210\">\n<p data-start=\"2093\" data-end=\"2210\">Le niveau de s\u00e9curit\u00e9 (couvercle de protection, interrupteur de s\u00e9curit\u00e9) et la stabilit\u00e9 pendant la coupe.<\/p>\n<\/li>\n<\/ul>\n<p data-start=\"2212\" data-end=\"2369\">En choisissant la marque TOTAL, vous b\u00e9n\u00e9ficiez d\u2019un outil fiable, durable et pr\u00e9cis, adapt\u00e9 aussi bien aux professionnels qu\u2019aux amateurs avertis.<\/p>\n","protected":false},"excerpt":{"rendered":"<p data-start=\"199\" data-end=\"492\">La Scie circulaire 1600W est une scie puissante et polyvalente, con\u00e7ue pour les travaux de coupe domestiques, artisanaux ou semi-professionnels. Gr\u00e2ce \u00e0 son moteur de 1600W, elle offre une performance constante et une coupe pr\u00e9cise dans diff\u00e9rents types de bois et mat\u00e9riaux. Sa conception ergonomique et l\u00e9g\u00e8re facilite la manipulation et le transport, m\u00eame pour des travaux prolong\u00e9s ou dans des espaces restreints. Dot\u00e9e d\u2019une lame durable et r\u00e9sistante, elle assure des d\u00e9coupes nettes et r\u00e9guli\u00e8res \u00e0 chaque utilisation. Pour plus de s\u00e9curit\u00e9, la scie int\u00e8gre des protections contre les surcharges et les d\u00e9marrages accidentels, garantissant ainsi un travail s\u00fbr et fiable. Robuste et pratique, la scie circulaire 1600W est le choix id\u00e9al pour ceux qui recherchent puissance, pr\u00e9cision et confort d\u2019utilisation \u00e0 chaque projet de d\u00e9coupe.<\/p>\n","protected":false},"featured_media":16002,"comment_status":"open","ping_status":"closed","template":"","meta":[],"product_cat":[76],"product_tag":[],"yoast_head":"<!-- This site is optimized with the Yoast SEO plugin v23.5 - https:\/\/yoast.com\/wordpress\/plugins\/seo\/ -->\n<title>Scie circulaire 1600W D\u00e9couvrez nos options<\/title>\n<meta name=\"description\" content=\"Besoin de briques 10 creux pour votre projet ? Explorez notre s\u00e9lection vari\u00e9e et profitez de nos tarifs comp\u00e9titifs pour une construction solide et durable.\" \/>\n<meta name=\"robots\" content=\"index, follow, max-snippet:-1, max-image-preview:large, max-video-preview:-1\" \/>\n<link rel=\"canonical\" href=\"https:\/\/kinbrique.com\/index.php\/product\/scie-circulaire-1600w\/\" \/>\n<meta property=\"og:locale\" content=\"fr_FR\" \/>\n<meta property=\"og:type\" content=\"article\" \/>\n<meta property=\"og:title\" content=\"Scie circulaire 1600W D\u00e9couvrez nos options\" \/>\n<meta property=\"og:description\" content=\"Besoin de briques 10 creux pour votre projet ? Explorez notre s\u00e9lection vari\u00e9e et profitez de nos tarifs comp\u00e9titifs pour une construction solide et durable.\" \/>\n<meta property=\"og:url\" content=\"https:\/\/kinbrique.com\/index.php\/product\/scie-circulaire-1600w\/\" \/>\n<meta property=\"og:site_name\" content=\"kin brique : Achetez vos briques et vos mat\u00e9riaux de construction moins cher en RDC\" \/>\n<meta property=\"article:modified_time\" content=\"2025-10-24T13:31:47+00:00\" \/>\n<meta property=\"og:image\" content=\"https:\/\/kinbrique.com\/wp-content\/uploads\/2025\/10\/TS1161856.jpg\" \/>\n\t<meta property=\"og:image:width\" content=\"500\" \/>\n\t<meta property=\"og:image:height\" content=\"500\" \/>\n\t<meta property=\"og:image:type\" content=\"image\/jpeg\" \/>\n<meta name=\"twitter:card\" content=\"summary_large_image\" \/>\n<meta name=\"twitter:label1\" content=\"Dur\u00e9e de lecture estim\u00e9e\" \/>\n\t<meta name=\"twitter:data1\" content=\"2 minutes\" \/>\n<script type=\"application\/ld+json\" class=\"yoast-schema-graph\">{\"@context\":\"https:\/\/schema.org\",\"@graph\":[{\"@type\":\"WebPage\",\"@id\":\"https:\/\/kinbrique.com\/index.php\/product\/scie-circulaire-1600w\/\",\"url\":\"https:\/\/kinbrique.com\/index.php\/product\/scie-circulaire-1600w\/\",\"name\":\"Scie circulaire 1600W D\u00e9couvrez nos options\",\"isPartOf\":{\"@id\":\"https:\/\/kinbrique.com\/#website\"},\"primaryImageOfPage\":{\"@id\":\"https:\/\/kinbrique.com\/index.php\/product\/scie-circulaire-1600w\/#primaryimage\"},\"image\":{\"@id\":\"https:\/\/kinbrique.com\/index.php\/product\/scie-circulaire-1600w\/#primaryimage\"},\"thumbnailUrl\":\"https:\/\/kinbrique.com\/wp-content\/uploads\/2025\/10\/TS1161856.jpg\",\"datePublished\":\"2025-10-22T06:37:39+00:00\",\"dateModified\":\"2025-10-24T13:31:47+00:00\",\"description\":\"Besoin de briques 10 creux pour votre projet ? Explorez notre s\u00e9lection vari\u00e9e et profitez de nos tarifs comp\u00e9titifs pour une construction solide et durable.\",\"breadcrumb\":{\"@id\":\"https:\/\/kinbrique.com\/index.php\/product\/scie-circulaire-1600w\/#breadcrumb\"},\"inLanguage\":\"fr-FR\",\"potentialAction\":[{\"@type\":\"ReadAction\",\"target\":[\"https:\/\/kinbrique.com\/index.php\/product\/scie-circulaire-1600w\/\"]}]},{\"@type\":\"ImageObject\",\"inLanguage\":\"fr-FR\",\"@id\":\"https:\/\/kinbrique.com\/index.php\/product\/scie-circulaire-1600w\/#primaryimage\",\"url\":\"https:\/\/kinbrique.com\/wp-content\/uploads\/2025\/10\/TS1161856.jpg\",\"contentUrl\":\"https:\/\/kinbrique.com\/wp-content\/uploads\/2025\/10\/TS1161856.jpg\",\"width\":500,\"height\":500},{\"@type\":\"BreadcrumbList\",\"@id\":\"https:\/\/kinbrique.com\/index.php\/product\/scie-circulaire-1600w\/#breadcrumb\",\"itemListElement\":[{\"@type\":\"ListItem\",\"position\":1,\"name\":\"Accueil\",\"item\":\"https:\/\/kinbrique.com\/\"},{\"@type\":\"ListItem\",\"position\":2,\"name\":\"Shop\",\"item\":\"https:\/\/kinbrique.com\/index.php\/shop\/\"},{\"@type\":\"ListItem\",\"position\":3,\"name\":\"Scie circulaire TOTAL 1600 W\"}]},{\"@type\":\"WebSite\",\"@id\":\"https:\/\/kinbrique.com\/#website\",\"url\":\"https:\/\/kinbrique.com\/\",\"name\":\"kin brique : Achetez vos briques et vos mat\u00e9riaux de construction moins cher en RDC\",\"description\":\"Achetez vos briques et vos mat\u00e9riaux de construction moins cher en RDC\",\"potentialAction\":[{\"@type\":\"SearchAction\",\"target\":{\"@type\":\"EntryPoint\",\"urlTemplate\":\"https:\/\/kinbrique.com\/?s={search_term_string}\"},\"query-input\":{\"@type\":\"PropertyValueSpecification\",\"valueRequired\":true,\"valueName\":\"search_term_string\"}}],\"inLanguage\":\"fr-FR\"}]}<\/script>\n<!-- \/ Yoast SEO plugin. -->","yoast_head_json":{"title":"Scie circulaire 1600W D\u00e9couvrez nos options","description":"Besoin de briques 10 creux pour votre projet ? Explorez notre s\u00e9lection vari\u00e9e et profitez de nos tarifs comp\u00e9titifs pour une construction solide et durable.","robots":{"index":"index","follow":"follow","max-snippet":"max-snippet:-1","max-image-preview":"max-image-preview:large","max-video-preview":"max-video-preview:-1"},"canonical":"https:\/\/kinbrique.com\/index.php\/product\/scie-circulaire-1600w\/","og_locale":"fr_FR","og_type":"article","og_title":"Scie circulaire 1600W D\u00e9couvrez nos options","og_description":"Besoin de briques 10 creux pour votre projet ? Explorez notre s\u00e9lection vari\u00e9e et profitez de nos tarifs comp\u00e9titifs pour une construction solide et durable.","og_url":"https:\/\/kinbrique.com\/index.php\/product\/scie-circulaire-1600w\/","og_site_name":"kin brique : Achetez vos briques et vos mat\u00e9riaux de construction moins cher en RDC","article_modified_time":"2025-10-24T13:31:47+00:00","og_image":[{"width":500,"height":500,"url":"https:\/\/kinbrique.com\/wp-content\/uploads\/2025\/10\/TS1161856.jpg","type":"image\/jpeg"}],"twitter_card":"summary_large_image","twitter_misc":{"Dur\u00e9e de lecture estim\u00e9e":"2 minutes"},"schema":{"@context":"https:\/\/schema.org","@graph":[{"@type":"WebPage","@id":"https:\/\/kinbrique.com\/index.php\/product\/scie-circulaire-1600w\/","url":"https:\/\/kinbrique.com\/index.php\/product\/scie-circulaire-1600w\/","name":"Scie circulaire 1600W D\u00e9couvrez nos options","isPartOf":{"@id":"https:\/\/kinbrique.com\/#website"},"primaryImageOfPage":{"@id":"https:\/\/kinbrique.com\/index.php\/product\/scie-circulaire-1600w\/#primaryimage"},"image":{"@id":"https:\/\/kinbrique.com\/index.php\/product\/scie-circulaire-1600w\/#primaryimage"},"thumbnailUrl":"https:\/\/kinbrique.com\/wp-content\/uploads\/2025\/10\/TS1161856.jpg","datePublished":"2025-10-22T06:37:39+00:00","dateModified":"2025-10-24T13:31:47+00:00","description":"Besoin de briques 10 creux pour votre projet ? Explorez notre s\u00e9lection vari\u00e9e et profitez de nos tarifs comp\u00e9titifs pour une construction solide et durable.","breadcrumb":{"@id":"https:\/\/kinbrique.com\/index.php\/product\/scie-circulaire-1600w\/#breadcrumb"},"inLanguage":"fr-FR","potentialAction":[{"@type":"ReadAction","target":["https:\/\/kinbrique.com\/index.php\/product\/scie-circulaire-1600w\/"]}]},{"@type":"ImageObject","inLanguage":"fr-FR","@id":"https:\/\/kinbrique.com\/index.php\/product\/scie-circulaire-1600w\/#primaryimage","url":"https:\/\/kinbrique.com\/wp-content\/uploads\/2025\/10\/TS1161856.jpg","contentUrl":"https:\/\/kinbrique.com\/wp-content\/uploads\/2025\/10\/TS1161856.jpg","width":500,"height":500},{"@type":"BreadcrumbList","@id":"https:\/\/kinbrique.com\/index.php\/product\/scie-circulaire-1600w\/#breadcrumb","itemListElement":[{"@type":"ListItem","position":1,"name":"Accueil","item":"https:\/\/kinbrique.com\/"},{"@type":"ListItem","position":2,"name":"Shop","item":"https:\/\/kinbrique.com\/index.php\/shop\/"},{"@type":"ListItem","position":3,"name":"Scie circulaire TOTAL 1600 W"}]},{"@type":"WebSite","@id":"https:\/\/kinbrique.com\/#website","url":"https:\/\/kinbrique.com\/","name":"kin brique : Achetez vos briques et vos mat\u00e9riaux de construction moins cher en RDC","description":"Achetez vos briques et vos mat\u00e9riaux de construction moins cher en RDC","potentialAction":[{"@type":"SearchAction","target":{"@type":"EntryPoint","urlTemplate":"https:\/\/kinbrique.com\/?s={search_term_string}"},"query-input":{"@type":"PropertyValueSpecification","valueRequired":true,"valueName":"search_term_string"}}],"inLanguage":"fr-FR"}]}},"_links":{"self":[{"href":"https:\/\/kinbrique.com\/index.php\/wp-json\/wp\/v2\/product\/16001"}],"collection":[{"href":"https:\/\/kinbrique.com\/index.php\/wp-json\/wp\/v2\/product"}],"about":[{"href":"https:\/\/kinbrique.com\/index.php\/wp-json\/wp\/v2\/types\/product"}],"replies":[{"embeddable":true,"href":"https:\/\/kinbrique.com\/index.php\/wp-json\/wp\/v2\/comments?post=16001"}],"version-history":[{"count":5,"href":"https:\/\/kinbrique.com\/index.php\/wp-json\/wp\/v2\/product\/16001\/revisions"}],"predecessor-version":[{"id":16020,"href":"https:\/\/kinbrique.com\/index.php\/wp-json\/wp\/v2\/product\/16001\/revisions\/16020"}],"wp:featuredmedia":[{"embeddable":true,"href":"https:\/\/kinbrique.com\/index.php\/wp-json\/wp\/v2\/media\/16002"}],"wp:attachment":[{"href":"https:\/\/kinbrique.com\/index.php\/wp-json\/wp\/v2\/media?parent=16001"}],"wp:term":[{"taxonomy":"product_cat","embeddable":true,"href":"https:\/\/kinbrique.com\/index.php\/wp-json\/wp\/v2\/product_cat?post=16001"},{"taxonomy":"product_tag","embeddable":true,"href":"https:\/\/kinbrique.com\/index.php\/wp-json\/wp\/v2\/product_tag?post=16001"}],"curies":[{"name":"wp","href":"https:\/\/api.w.org\/{rel}","templated":true}]}}