{"id":16513,"date":"2026-03-09T10:08:45","date_gmt":"2026-03-09T09:08:45","guid":{"rendered":"https:\/\/kinbrique.com\/?post_type=product&#038;p=16513"},"modified":"2026-03-09T17:03:06","modified_gmt":"2026-03-09T16:03:06","slug":"barre-de-25-kinshasa","status":"publish","type":"product","link":"https:\/\/kinbrique.com\/index.php\/product\/barre-de-25-kinshasa\/","title":{"rendered":"Barre 25 \u00e0 Kinshasa \u2013 Id\u00e9ale pour fondations profondes et poteaux principaux"},"content":{"rendered":"<p data-start=\"66\" data-end=\"136\"><strong data-start=\"66\" data-end=\"134\">Barre de 25 mm \u00e0 Kinshasa \u2013 Con\u00e7ue pour les charges tr\u00e8s lourdes<\/strong><\/p>\n<p data-start=\"138\" data-end=\"258\">Parfaite pour les infrastructures majeures et les projets immobiliers ambitieux, elle garantit solidit\u00e9 et durabilit\u00e9.<\/p>\n","protected":false},"excerpt":{"rendered":"<p data-start=\"67\" data-end=\"157\"><strong data-start=\"67\" data-end=\"155\">Barre de 25 mm \u00e0 Kinshasa \u2013 Pour ouvrages industriels et b\u00e2timents de grande hauteur<\/strong><\/p>\n<p data-start=\"159\" data-end=\"278\">Id\u00e9ale pour les constructions soumises \u00e0 de fortes contraintes, elle assure r\u00e9sistance extr\u00eame et stabilit\u00e9 optimale.<\/p>\n","protected":false},"featured_media":16529,"comment_status":"closed","ping_status":"closed","template":"","meta":[],"product_brand":[],"product_cat":[82,87],"product_tag":[],"class_list":{"0":"post-16513","1":"product","2":"type-product","3":"status-publish","4":"has-post-thumbnail","6":"product_cat-bricolage-renovation","7":"product_cat-congo-nouveau","9":"first","10":"instock","11":"shipping-taxable","12":"purchasable","13":"product-type-simple"},"yoast_head":"<!-- This site is optimized with the Yoast SEO plugin v27.4 - https:\/\/yoast.com\/product\/yoast-seo-wordpress\/ -->\n<title>Barre de 25 mm \u00e0 Kinshasa \u2013 Fer \u00e0 b\u00e9ton haute r\u00e9sistance pour structures lourdes<\/title>\n<meta name=\"description\" content=\"Barre de 25 mm \u00e0 Kinshasa \u2013 Id\u00e9ale pour grandes constructionsParfaite pour fondations massives et structures industrielles, elle garantit solidit\u00e9 et durabilit\u00e9.\" \/>\n<meta name=\"robots\" content=\"index, follow, max-snippet:-1, max-image-preview:large, max-video-preview:-1\" \/>\n<link rel=\"canonical\" href=\"https:\/\/kinbrique.com\/index.php\/product\/barre-de-25-kinshasa\/\" \/>\n<meta property=\"og:locale\" content=\"fr_FR\" \/>\n<meta property=\"og:type\" content=\"article\" \/>\n<meta property=\"og:title\" content=\"Barre de 25 mm \u00e0 Kinshasa \u2013 Fer \u00e0 b\u00e9ton haute r\u00e9sistance pour structures lourdes\" \/>\n<meta property=\"og:description\" content=\"Barre de 25 mm \u00e0 Kinshasa \u2013 Id\u00e9ale pour grandes constructionsParfaite pour fondations massives et structures industrielles, elle garantit solidit\u00e9 et durabilit\u00e9.\" \/>\n<meta property=\"og:url\" content=\"https:\/\/kinbrique.com\/index.php\/product\/barre-de-25-kinshasa\/\" \/>\n<meta property=\"og:site_name\" content=\"kin brique : Achetez vos briques et vos mat\u00e9riaux de construction moins cher en RDC\" \/>\n<meta property=\"article:modified_time\" content=\"2026-03-09T16:03:06+00:00\" \/>\n<meta property=\"og:image\" content=\"https:\/\/kinbrique.com\/wp-content\/uploads\/2026\/03\/Manufacture-in-China-HRB400-500-Rebar-Reinforcing-Bars-10mm-12mm-16mm-25mm-Deformed-Steel-for-Housing_\u526f\u672c.jpg\" \/>\n\t<meta property=\"og:image:width\" content=\"480\" \/>\n\t<meta property=\"og:image:height\" content=\"360\" \/>\n\t<meta property=\"og:image:type\" content=\"image\/jpeg\" \/>\n<meta name=\"twitter:card\" content=\"summary_large_image\" \/>\n<meta name=\"twitter:label1\" content=\"Dur\u00e9e de lecture estim\u00e9e\" \/>\n\t<meta name=\"twitter:data1\" content=\"1 minute\" \/>\n<script type=\"application\/ld+json\" class=\"yoast-schema-graph\">{\"@context\":\"https:\\\/\\\/schema.org\",\"@graph\":[{\"@type\":\"WebPage\",\"@id\":\"https:\\\/\\\/kinbrique.com\\\/index.php\\\/product\\\/barre-de-25-kinshasa\\\/\",\"url\":\"https:\\\/\\\/kinbrique.com\\\/index.php\\\/product\\\/barre-de-25-kinshasa\\\/\",\"name\":\"Barre de 25 mm \u00e0 Kinshasa \u2013 Fer \u00e0 b\u00e9ton haute r\u00e9sistance pour structures lourdes\",\"isPartOf\":{\"@id\":\"https:\\\/\\\/kinbrique.com\\\/#website\"},\"primaryImageOfPage\":{\"@id\":\"https:\\\/\\\/kinbrique.com\\\/index.php\\\/product\\\/barre-de-25-kinshasa\\\/#primaryimage\"},\"image\":{\"@id\":\"https:\\\/\\\/kinbrique.com\\\/index.php\\\/product\\\/barre-de-25-kinshasa\\\/#primaryimage\"},\"thumbnailUrl\":\"https:\\\/\\\/kinbrique.com\\\/wp-content\\\/uploads\\\/2026\\\/03\\\/Manufacture-in-China-HRB400-500-Rebar-Reinforcing-Bars-10mm-12mm-16mm-25mm-Deformed-Steel-for-Housing_\u526f\u672c.jpg\",\"datePublished\":\"2026-03-09T09:08:45+00:00\",\"dateModified\":\"2026-03-09T16:03:06+00:00\",\"description\":\"Barre de 25 mm \u00e0 Kinshasa \u2013 Id\u00e9ale pour grandes constructionsParfaite pour fondations massives et structures industrielles, elle garantit solidit\u00e9 et durabilit\u00e9.\",\"breadcrumb\":{\"@id\":\"https:\\\/\\\/kinbrique.com\\\/index.php\\\/product\\\/barre-de-25-kinshasa\\\/#breadcrumb\"},\"inLanguage\":\"fr-FR\",\"potentialAction\":[{\"@type\":\"ReadAction\",\"target\":[\"https:\\\/\\\/kinbrique.com\\\/index.php\\\/product\\\/barre-de-25-kinshasa\\\/\"]}]},{\"@type\":\"ImageObject\",\"inLanguage\":\"fr-FR\",\"@id\":\"https:\\\/\\\/kinbrique.com\\\/index.php\\\/product\\\/barre-de-25-kinshasa\\\/#primaryimage\",\"url\":\"https:\\\/\\\/kinbrique.com\\\/wp-content\\\/uploads\\\/2026\\\/03\\\/Manufacture-in-China-HRB400-500-Rebar-Reinforcing-Bars-10mm-12mm-16mm-25mm-Deformed-Steel-for-Housing_\u526f\u672c.jpg\",\"contentUrl\":\"https:\\\/\\\/kinbrique.com\\\/wp-content\\\/uploads\\\/2026\\\/03\\\/Manufacture-in-China-HRB400-500-Rebar-Reinforcing-Bars-10mm-12mm-16mm-25mm-Deformed-Steel-for-Housing_\u526f\u672c.jpg\",\"width\":480,\"height\":360},{\"@type\":\"BreadcrumbList\",\"@id\":\"https:\\\/\\\/kinbrique.com\\\/index.php\\\/product\\\/barre-de-25-kinshasa\\\/#breadcrumb\",\"itemListElement\":[{\"@type\":\"ListItem\",\"position\":1,\"name\":\"Accueil\",\"item\":\"https:\\\/\\\/kinbrique.com\\\/\"},{\"@type\":\"ListItem\",\"position\":2,\"name\":\"Shop\",\"item\":\"https:\\\/\\\/kinbrique.com\\\/index.php\\\/shop\\\/\"},{\"@type\":\"ListItem\",\"position\":3,\"name\":\"Barre 25 \u00e0 Kinshasa \u2013 Id\u00e9ale pour fondations profondes et poteaux principaux\"}]},{\"@type\":\"WebSite\",\"@id\":\"https:\\\/\\\/kinbrique.com\\\/#website\",\"url\":\"https:\\\/\\\/kinbrique.com\\\/\",\"name\":\"kin brique : Achetez vos briques et vos mat\u00e9riaux de construction moins cher en RDC\",\"description\":\"Achetez vos briques et vos mat\u00e9riaux de construction moins cher en RDC\",\"potentialAction\":[{\"@type\":\"SearchAction\",\"target\":{\"@type\":\"EntryPoint\",\"urlTemplate\":\"https:\\\/\\\/kinbrique.com\\\/?s={search_term_string}\"},\"query-input\":{\"@type\":\"PropertyValueSpecification\",\"valueRequired\":true,\"valueName\":\"search_term_string\"}}],\"inLanguage\":\"fr-FR\"}]}<\/script>\n<!-- \/ Yoast SEO plugin. -->","yoast_head_json":{"title":"Barre de 25 mm \u00e0 Kinshasa \u2013 Fer \u00e0 b\u00e9ton haute r\u00e9sistance pour structures lourdes","description":"Barre de 25 mm \u00e0 Kinshasa \u2013 Id\u00e9ale pour grandes constructionsParfaite pour fondations massives et structures industrielles, elle garantit solidit\u00e9 et durabilit\u00e9.","robots":{"index":"index","follow":"follow","max-snippet":"max-snippet:-1","max-image-preview":"max-image-preview:large","max-video-preview":"max-video-preview:-1"},"canonical":"https:\/\/kinbrique.com\/index.php\/product\/barre-de-25-kinshasa\/","og_locale":"fr_FR","og_type":"article","og_title":"Barre de 25 mm \u00e0 Kinshasa \u2013 Fer \u00e0 b\u00e9ton haute r\u00e9sistance pour structures lourdes","og_description":"Barre de 25 mm \u00e0 Kinshasa \u2013 Id\u00e9ale pour grandes constructionsParfaite pour fondations massives et structures industrielles, elle garantit solidit\u00e9 et durabilit\u00e9.","og_url":"https:\/\/kinbrique.com\/index.php\/product\/barre-de-25-kinshasa\/","og_site_name":"kin brique : Achetez vos briques et vos mat\u00e9riaux de construction moins cher en RDC","article_modified_time":"2026-03-09T16:03:06+00:00","og_image":[{"width":480,"height":360,"url":"https:\/\/kinbrique.com\/wp-content\/uploads\/2026\/03\/Manufacture-in-China-HRB400-500-Rebar-Reinforcing-Bars-10mm-12mm-16mm-25mm-Deformed-Steel-for-Housing_\u526f\u672c.jpg","type":"image\/jpeg"}],"twitter_card":"summary_large_image","twitter_misc":{"Dur\u00e9e de lecture estim\u00e9e":"1 minute"},"schema":{"@context":"https:\/\/schema.org","@graph":[{"@type":"WebPage","@id":"https:\/\/kinbrique.com\/index.php\/product\/barre-de-25-kinshasa\/","url":"https:\/\/kinbrique.com\/index.php\/product\/barre-de-25-kinshasa\/","name":"Barre de 25 mm \u00e0 Kinshasa \u2013 Fer \u00e0 b\u00e9ton haute r\u00e9sistance pour structures lourdes","isPartOf":{"@id":"https:\/\/kinbrique.com\/#website"},"primaryImageOfPage":{"@id":"https:\/\/kinbrique.com\/index.php\/product\/barre-de-25-kinshasa\/#primaryimage"},"image":{"@id":"https:\/\/kinbrique.com\/index.php\/product\/barre-de-25-kinshasa\/#primaryimage"},"thumbnailUrl":"https:\/\/kinbrique.com\/wp-content\/uploads\/2026\/03\/Manufacture-in-China-HRB400-500-Rebar-Reinforcing-Bars-10mm-12mm-16mm-25mm-Deformed-Steel-for-Housing_\u526f\u672c.jpg","datePublished":"2026-03-09T09:08:45+00:00","dateModified":"2026-03-09T16:03:06+00:00","description":"Barre de 25 mm \u00e0 Kinshasa \u2013 Id\u00e9ale pour grandes constructionsParfaite pour fondations massives et structures industrielles, elle garantit solidit\u00e9 et durabilit\u00e9.","breadcrumb":{"@id":"https:\/\/kinbrique.com\/index.php\/product\/barre-de-25-kinshasa\/#breadcrumb"},"inLanguage":"fr-FR","potentialAction":[{"@type":"ReadAction","target":["https:\/\/kinbrique.com\/index.php\/product\/barre-de-25-kinshasa\/"]}]},{"@type":"ImageObject","inLanguage":"fr-FR","@id":"https:\/\/kinbrique.com\/index.php\/product\/barre-de-25-kinshasa\/#primaryimage","url":"https:\/\/kinbrique.com\/wp-content\/uploads\/2026\/03\/Manufacture-in-China-HRB400-500-Rebar-Reinforcing-Bars-10mm-12mm-16mm-25mm-Deformed-Steel-for-Housing_\u526f\u672c.jpg","contentUrl":"https:\/\/kinbrique.com\/wp-content\/uploads\/2026\/03\/Manufacture-in-China-HRB400-500-Rebar-Reinforcing-Bars-10mm-12mm-16mm-25mm-Deformed-Steel-for-Housing_\u526f\u672c.jpg","width":480,"height":360},{"@type":"BreadcrumbList","@id":"https:\/\/kinbrique.com\/index.php\/product\/barre-de-25-kinshasa\/#breadcrumb","itemListElement":[{"@type":"ListItem","position":1,"name":"Accueil","item":"https:\/\/kinbrique.com\/"},{"@type":"ListItem","position":2,"name":"Shop","item":"https:\/\/kinbrique.com\/index.php\/shop\/"},{"@type":"ListItem","position":3,"name":"Barre 25 \u00e0 Kinshasa \u2013 Id\u00e9ale pour fondations profondes et poteaux principaux"}]},{"@type":"WebSite","@id":"https:\/\/kinbrique.com\/#website","url":"https:\/\/kinbrique.com\/","name":"kin brique : Achetez vos briques et vos mat\u00e9riaux de construction moins cher en RDC","description":"Achetez vos briques et vos mat\u00e9riaux de construction moins cher en RDC","potentialAction":[{"@type":"SearchAction","target":{"@type":"EntryPoint","urlTemplate":"https:\/\/kinbrique.com\/?s={search_term_string}"},"query-input":{"@type":"PropertyValueSpecification","valueRequired":true,"valueName":"search_term_string"}}],"inLanguage":"fr-FR"}]}},"_links":{"self":[{"href":"https:\/\/kinbrique.com\/index.php\/wp-json\/wp\/v2\/product\/16513","targetHints":{"allow":["GET"]}}],"collection":[{"href":"https:\/\/kinbrique.com\/index.php\/wp-json\/wp\/v2\/product"}],"about":[{"href":"https:\/\/kinbrique.com\/index.php\/wp-json\/wp\/v2\/types\/product"}],"replies":[{"embeddable":true,"href":"https:\/\/kinbrique.com\/index.php\/wp-json\/wp\/v2\/comments?post=16513"}],"version-history":[{"count":3,"href":"https:\/\/kinbrique.com\/index.php\/wp-json\/wp\/v2\/product\/16513\/revisions"}],"predecessor-version":[{"id":16556,"href":"https:\/\/kinbrique.com\/index.php\/wp-json\/wp\/v2\/product\/16513\/revisions\/16556"}],"wp:featuredmedia":[{"embeddable":true,"href":"https:\/\/kinbrique.com\/index.php\/wp-json\/wp\/v2\/media\/16529"}],"wp:attachment":[{"href":"https:\/\/kinbrique.com\/index.php\/wp-json\/wp\/v2\/media?parent=16513"}],"wp:term":[{"taxonomy":"product_brand","embeddable":true,"href":"https:\/\/kinbrique.com\/index.php\/wp-json\/wp\/v2\/product_brand?post=16513"},{"taxonomy":"product_cat","embeddable":true,"href":"https:\/\/kinbrique.com\/index.php\/wp-json\/wp\/v2\/product_cat?post=16513"},{"taxonomy":"product_tag","embeddable":true,"href":"https:\/\/kinbrique.com\/index.php\/wp-json\/wp\/v2\/product_tag?post=16513"}],"curies":[{"name":"wp","href":"https:\/\/api.w.org\/{rel}","templated":true}]}}